{"id":27729,"date":"2024-11-19T15:41:47","date_gmt":"2024-11-19T15:41:47","guid":{"rendered":"https:\/\/anyuefurniture.com\/?page_id=27729"},"modified":"2024-11-20T15:01:40","modified_gmt":"2024-11-20T15:01:40","slug":"acerca-de-nosotros","status":"publish","type":"page","link":"https:\/\/anyuefurniture.com\/es\/acerca-de-nosotros\/","title":{"rendered":"SOBRE NOSOTROS"},"content":{"rendered":"<div data-elementor-type=\"wp-page\" data-elementor-id=\"27729\" class=\"elementor elementor-27729\" data-elementor-post-type=\"page\">\n\t\t\t\t<div class=\"wd-negative-gap elementor-element elementor-element-1558a3e e-flex e-con-boxed e-con e-parent\" data-id=\"1558a3e\" data-element_type=\"container\">\n\t\t\t\t\t<div class=\"e-con-inner\">\n\t\t<div class=\"elementor-element elementor-element-074e872 e-con-full e-flex e-con e-child\" data-id=\"074e872\" data-element_type=\"container\">\n\t\t\t\t<div class=\"elementor-element elementor-element-2f29517 wd-width-100 elementor-widget elementor-widget-wd_video\" data-id=\"2f29517\" data-element_type=\"widget\" data-widget_type=\"wd_video.default\">\n\t\t\t\t<div class=\"elementor-widget-container\">\n\t\t\t\t\t\n\t\t<div class=\"wd-el-video wd-action-without wd-video-hosted\">\n\t\t\t\t\t\t\t<video src=\"https:\/\/anyuefurniture.com\/wp-content\/uploads\/2024\/11\/WeChat_20241120225958.mp4\" playsinline controls preload=\"metadata\"><\/video>\t\t\t\n\t\t\t\n\t\t\t\n\t\t\t\t\t<\/div>\n\t\t\t\t\t\t<\/div>\n\t\t\t\t<\/div>\n\t\t\t\t<\/div>\n\t\t<div class=\"elementor-element elementor-element-90d6fd0 e-con-full e-flex e-con e-child\" data-id=\"90d6fd0\" data-element_type=\"container\">\n\t\t\t\t<div class=\"elementor-element elementor-element-ebd9dfe elementor-widget elementor-widget-wd_text_block\" data-id=\"ebd9dfe\" data-element_type=\"widget\" data-widget_type=\"wd_text_block.default\">\n\t\t\t\t<div class=\"elementor-widget-container\">\n\t\t\t\t\t\t\t<div class=\"wd-text-block reset-last-child text-left\">\n\t\t\t\n\t\t\t<div class=\"fl-module fl-module-heading fl-node-638b1639e061b\" data-node=\"638b1639e061b\" data-animation-delay=\"0.0\"><div class=\"fl-module-content fl-node-content\"><h2 class=\"fl-heading\"><strong><span class=\"fl-heading-text\">Nuestra empresa:<\/span><\/strong><\/h2><h3 class=\"fl-heading\"><strong>Con sede en la vibrante ciudad de Guangzhou, somos una empresa pionera a gran escala que combina a la perfecci\u00f3n dise\u00f1o profesional, fabricaci\u00f3n, ventas y servicios. Con m\u00e1s de dos d\u00e9cadas de experiencia en soluciones de mobiliario a medida, somos un referente de excelencia en el sector.<\/strong><\/h3><\/div><\/div><h2>\u00a0<\/h2>\n\t\t\t\t\t<\/div>\n\t\t\t\t\t\t<\/div>\n\t\t\t\t<\/div>\n\t\t\t\t<\/div>\n\t\t\t\t\t<\/div>\n\t\t\t\t<\/div>\n\t\t<div class=\"wd-negative-gap elementor-element elementor-element-3eba7e2 e-flex e-con-boxed e-con e-parent\" data-id=\"3eba7e2\" data-element_type=\"container\">\n\t\t\t\t\t<div class=\"e-con-inner\">\n\t\t\t\t<div class=\"elementor-element elementor-element-5f45555 elementor-widget elementor-widget-wd_text_block\" data-id=\"5f45555\" data-element_type=\"widget\" data-widget_type=\"wd_text_block.default\">\n\t\t\t\t<div class=\"elementor-widget-container\">\n\t\t\t\t\t\t\t<div class=\"wd-text-block reset-last-child text-left\">\n\t\t\t\n\t\t\t<h4><strong>Nuestras vanguardistas instalaciones cuentan con maquinaria de \u00faltima generaci\u00f3n y l\u00edneas de producci\u00f3n automatizadas, lo que nos permite fabricar con eficiencia y precisi\u00f3n una amplia gama de muebles. Ofrecemos una amplia gama de soluciones de mobiliario, que incluye escritorios de direcci\u00f3n, mesas de conferencias, puestos de trabajo para directivos, escritorios para el personal, sof\u00e1s y sillas que encarnan la elegancia corporativa. Adem\u00e1s, nuestra gama se extiende al mobiliario educativo, fomentando entornos de aprendizaje con escritorios y sillas para estudiantes, mobiliario para aulas de formaci\u00f3n y camas para dormitorios. Adem\u00e1s, atendemos a apartamentos y hoteles con colecciones de gama alta que elevan los espacios vitales con estilo y funcionalidad.<\/strong><\/h4><h4><strong>Nuestro servicio se basa en un firme compromiso con la personalizaci\u00f3n. Nuestro cualificado equipo est\u00e1 preparado para dar vida a sus aspiraciones de dise\u00f1o, por muy exclusivas que sean. Para enriquecer a\u00fan m\u00e1s su experiencia, le ofrecemos renders de dise\u00f1o en 3D gratuitos, que le permitir\u00e1n visualizar sus creaciones \u00fanicas antes de que se materialicen.<\/strong><\/h4>\n\t\t\t\t\t<\/div>\n\t\t\t\t\t\t<\/div>\n\t\t\t\t<\/div>\n\t\t\t\t\t<\/div>\n\t\t\t\t<\/div>\n\t\t<div class=\"wd-negative-gap elementor-element elementor-element-e19c602 e-flex e-con-boxed e-con e-parent\" data-id=\"e19c602\" data-element_type=\"container\">\n\t\t\t\t\t<div class=\"e-con-inner\">\n\t\t\t\t<div class=\"elementor-element elementor-element-c5c7434 elementor-widget elementor-widget-wd_image_or_svg\" data-id=\"c5c7434\" data-element_type=\"widget\" data-widget_type=\"wd_image_or_svg.default\">\n\t\t\t\t<div class=\"elementor-widget-container\">\n\t\t\t\t\t\n\t\t<div class=\"wd-image text-left\">\n\t\t\t\t\t\t\t\t<img fetchpriority=\"high\" decoding=\"async\" width=\"1920\" height=\"400\" src=\"https:\/\/anyuefurniture.com\/wp-content\/uploads\/2024\/11\/\u5fae\u4fe1\u56fe\u7247_20240715151226.jpg\" class=\"attachment-full size-full\" alt=\"\" srcset=\"https:\/\/anyuefurniture.com\/wp-content\/uploads\/2024\/11\/\u5fae\u4fe1\u56fe\u7247_20240715151226.jpg 1920w, https:\/\/anyuefurniture.com\/wp-content\/uploads\/2024\/11\/\u5fae\u4fe1\u56fe\u7247_20240715151226-500x104.jpg 500w, https:\/\/anyuefurniture.com\/wp-content\/uploads\/2024\/11\/\u5fae\u4fe1\u56fe\u7247_20240715151226-150x31.jpg 150w, https:\/\/anyuefurniture.com\/wp-content\/uploads\/2024\/11\/\u5fae\u4fe1\u56fe\u7247_20240715151226-1000x208.jpg 1000w, https:\/\/anyuefurniture.com\/wp-content\/uploads\/2024\/11\/\u5fae\u4fe1\u56fe\u7247_20240715151226-400x83.jpg 400w, https:\/\/anyuefurniture.com\/wp-content\/uploads\/2024\/11\/\u5fae\u4fe1\u56fe\u7247_20240715151226-1300x271.jpg 1300w, https:\/\/anyuefurniture.com\/wp-content\/uploads\/2024\/11\/\u5fae\u4fe1\u56fe\u7247_20240715151226-768x160.jpg 768w, https:\/\/anyuefurniture.com\/wp-content\/uploads\/2024\/11\/\u5fae\u4fe1\u56fe\u7247_20240715151226-1536x320.jpg 1536w\" sizes=\"(max-width: 1920px) 100vw, 1920px\" \/>\t\t\t\t\t<\/div>\n\n\t\t\t\t\t\t<\/div>\n\t\t\t\t<\/div>\n\t\t\t\t\t<\/div>\n\t\t\t\t<\/div>\n\t\t\t\t<\/div>","protected":false},"excerpt":{"rendered":"<p>Our Company: Headquartered in the vibrant city of Guangzhou, we are a pioneering, large-scale enterprise that seamlessly blends professional design,<\/p>","protected":false},"author":1,"featured_media":0,"parent":0,"menu_order":0,"comment_status":"closed","ping_status":"closed","template":"elementor_header_footer","meta":{"om_disable_all_campaigns":false,"_monsterinsights_skip_tracking":false,"_monsterinsights_sitenote_active":false,"_monsterinsights_sitenote_note":"","_monsterinsights_sitenote_category":0,"footnotes":""},"class_list":["post-27729","page","type-page","status-publish","hentry"],"aioseo_notices":[],"_links":{"self":[{"href":"https:\/\/anyuefurniture.com\/es\/wp-json\/wp\/v2\/pages\/27729","targetHints":{"allow":["GET"]}}],"collection":[{"href":"https:\/\/anyuefurniture.com\/es\/wp-json\/wp\/v2\/pages"}],"about":[{"href":"https:\/\/anyuefurniture.com\/es\/wp-json\/wp\/v2\/types\/page"}],"author":[{"embeddable":true,"href":"https:\/\/anyuefurniture.com\/es\/wp-json\/wp\/v2\/users\/1"}],"replies":[{"embeddable":true,"href":"https:\/\/anyuefurniture.com\/es\/wp-json\/wp\/v2\/comments?post=27729"}],"version-history":[{"count":25,"href":"https:\/\/anyuefurniture.com\/es\/wp-json\/wp\/v2\/pages\/27729\/revisions"}],"predecessor-version":[{"id":27893,"href":"https:\/\/anyuefurniture.com\/es\/wp-json\/wp\/v2\/pages\/27729\/revisions\/27893"}],"wp:attachment":[{"href":"https:\/\/anyuefurniture.com\/es\/wp-json\/wp\/v2\/media?parent=27729"}],"curies":[{"name":"wp","href":"https:\/\/api.w.org\/{rel}","templated":true}]}}