{"id":27708,"date":"2024-11-19T15:16:58","date_gmt":"2024-11-19T15:16:58","guid":{"rendered":"https:\/\/anyuefurniture.com\/?page_id=27708"},"modified":"2024-11-26T16:21:32","modified_gmt":"2024-11-26T16:21:32","slug":"contacto","status":"publish","type":"page","link":"https:\/\/anyuefurniture.com\/es\/contacto\/","title":{"rendered":"CONTACTO"},"content":{"rendered":"<div data-elementor-type=\"wp-page\" data-elementor-id=\"27708\" class=\"elementor elementor-27708\" data-elementor-post-type=\"page\">\n\t\t\t\t<div class=\"wd-negative-gap elementor-element elementor-element-7bc69fa e-flex e-con-boxed e-con e-parent\" data-id=\"7bc69fa\" data-element_type=\"container\">\n\t\t\t\t\t<div class=\"e-con-inner\">\n\t\t\t\t<div class=\"elementor-element elementor-element-806001b elementor-widget__width-initial elementor-widget elementor-widget-wd_contact_form_7\" data-id=\"806001b\" data-element_type=\"widget\" data-widget_type=\"wd_contact_form_7.default\">\n\t\t\t\t<div class=\"elementor-widget-container\">\n\t\t\t\t\t\n<div class=\"wpcf7 no-js\" id=\"wpcf7-f27713-o1\" lang=\"zh-CN\" dir=\"ltr\" data-wpcf7-id=\"27713\">\n<div class=\"screen-reader-response\"><p role=\"status\" aria-live=\"polite\" aria-atomic=\"true\"><\/p> <ul><\/ul><\/div>\n<form action=\"\/es\/wp-json\/wp\/v2\/pages\/27708#wpcf7-f27713-o1\" method=\"post\" class=\"wpcf7-form init\" aria-label=\"\u7559\u8a00\u8868\u5355\" novalidate=\"novalidate\" data-status=\"init\" data-trp-original-action=\"\/es\/wp-json\/wp\/v2\/pages\/27708#wpcf7-f27713-o1\">\n<div style=\"display: none;\">\n<input type=\"hidden\" name=\"_wpcf7\" value=\"27713\" \/>\n<input type=\"hidden\" name=\"_wpcf7_version\" value=\"6.0.6\" \/>\n<input type=\"hidden\" name=\"_wpcf7_locale\" value=\"zh_CN\" \/>\n<input type=\"hidden\" name=\"_wpcf7_unit_tag\" value=\"wpcf7-f27713-o1\" \/>\n<input type=\"hidden\" name=\"_wpcf7_container_post\" value=\"0\" \/>\n<input type=\"hidden\" name=\"_wpcf7_posted_data_hash\" value=\"\" \/>\n<\/div>\n<p><label> Su nombre<br \/>\n<span class=\"wpcf7-form-control-wrap\" data-name=\"your-name\"><input size=\"40\" maxlength=\"400\" class=\"wpcf7-form-control wpcf7-text wpcf7-validates-as-required\" autocomplete=\"name\" aria-required=\"true\" aria-invalid=\"false\" value=\"\" type=\"text\" name=\"your-name\" \/><\/span> <\/label>\n<\/p>\n<p><label> Su correo electr\u00f3nico<br \/>\n<span class=\"wpcf7-form-control-wrap\" data-name=\"your-email\"><input size=\"40\" maxlength=\"400\" class=\"wpcf7-form-control wpcf7-email wpcf7-validates-as-required wpcf7-text wpcf7-validates-as-email\" autocomplete=\"email\" aria-required=\"true\" aria-invalid=\"false\" value=\"\" type=\"email\" name=\"your-email\" \/><\/span> <\/label>\n<\/p>\n<p><label> Asunto<br \/>\n<span class=\"wpcf7-form-control-wrap\" data-name=\"your-subject\"><input size=\"40\" maxlength=\"400\" class=\"wpcf7-form-control wpcf7-text wpcf7-validates-as-required\" aria-required=\"true\" aria-invalid=\"false\" value=\"\" type=\"text\" name=\"your-subject\" \/><\/span> <\/label>\n<\/p>\n<p><label> Su mensaje (opcional)<br \/>\n<span class=\"wpcf7-form-control-wrap\" data-name=\"your-message\"><textarea cols=\"40\" rows=\"10\" maxlength=\"2000\" class=\"wpcf7-form-control wpcf7-textarea\" aria-invalid=\"false\" name=\"your-message\"><\/textarea><\/span> <\/label>\n<\/p>\n<p><input class=\"wpcf7-form-control wpcf7-submit has-spinner\" type=\"submit\" value=\"Enviar\" \/>\n<\/p><div class=\"wpcf7-response-output\" aria-hidden=\"true\"><\/div>\n<input type=\"hidden\" name=\"trp-form-language\" value=\"es\"\/><\/form>\n<\/div>\n\t\t\t\t<\/div>\n\t\t\t\t<\/div>\n\t\t<div class=\"elementor-element elementor-element-7c008b7 e-con-full e-flex e-con e-child\" data-id=\"7c008b7\" data-element_type=\"container\">\n\t\t\t\t<div class=\"elementor-element elementor-element-23f413a elementor-widget elementor-widget-html\" data-id=\"23f413a\" data-element_type=\"widget\" data-widget_type=\"html.default\">\n\t\t\t\t<div class=\"elementor-widget-container\">\n\t\t\t\t\t   <h1 style=\"color: #333;\">Contacte con nosotros<\/h1>\r\n    <p style=\"font-size: 16px; color: #555;\">Estamos aqu\u00ed para ayudarle. P\u00f3ngase en contacto con nosotros a trav\u00e9s de cualquiera de los m\u00e9todos que se indican a continuaci\u00f3n:<\/p>\r\n\r\n    <div style=\"margin: 20px 0;\">\r\n        <!-- Address -->\r\n        <p><strong>Direcci\u00f3n:<\/strong><br>\r\n        No.36 Anle South Road, Jinpan Village, Baiyun District, Guangzhou, China<\/p>\r\n\r\n        <!-- Phone -->\r\n        <p><strong>Tel\u00e9fono:<\/strong><br>\r\n        <a href=\"tel:+8618028269911\" style=\"color: #007BFF; text-decoration: none;\">+86 18028269911<\/a><\/p>\r\n\r\n        <!-- Email -->\r\n        <p><strong>Correo electr\u00f3nico:<\/strong><br>\r\n        <a href=\"mailto:anyue.furniture@gmail.com\" style=\"color: #007BFF; text-decoration: none;\">anyue.furniture@gmail.com<\/a><\/p>\r\n\r\n        <!-- CEO -->\r\n        <p><strong>DIRECTOR GENERAL:<\/strong><br>\r\n        Andy Zhu<\/p>\r\n\r\n        <!-- WhatsApp -->\r\n        <p><strong>WhatsApp:<\/strong><br>\r\n        <a href=\"https:\/\/anyuefurniture.com\/wp-content\/uploads\/2024\/11\/Whatsapp.jpg\" target=\"_blank\">\r\n            <img decoding=\"async\" src=\"https:\/\/anyuefurniture.com\/wp-content\/uploads\/2024\/11\/Whatsapp.jpg\" alt=\"C\u00f3digo QR de WhatsApp\" style=\"max-width: 150px; border: 1px solid #ddd; padding: 5px;\">\r\n        <\/a>\r\n        <\/p>\r\n    <\/div>\r\n\r\n    <p style=\"font-size: 14px; color: #888;\">Estamos deseando ponernos en contacto con usted.<\/p>\r\n<\/div>\r\n\t\t\t\t<\/div>\n\t\t\t\t<\/div>\n\t\t\t\t<\/div>\n\t\t\t\t\t<\/div>\n\t\t\t\t<\/div>\n\t\t\t\t<\/div>","protected":false},"excerpt":{"rendered":"<p>Your Name Your Email Subject Your Message (Optional) Contact Us We\u2019re here to help! Get in touch with us through<\/p>","protected":false},"author":1,"featured_media":0,"parent":0,"menu_order":0,"comment_status":"closed","ping_status":"closed","template":"elementor_header_footer","meta":{"om_disable_all_campaigns":false,"_monsterinsights_skip_tracking":false,"_monsterinsights_sitenote_active":false,"_monsterinsights_sitenote_note":"","_monsterinsights_sitenote_category":0,"footnotes":""},"class_list":["post-27708","page","type-page","status-publish","hentry"],"aioseo_notices":[],"_links":{"self":[{"href":"https:\/\/anyuefurniture.com\/es\/wp-json\/wp\/v2\/pages\/27708","targetHints":{"allow":["GET"]}}],"collection":[{"href":"https:\/\/anyuefurniture.com\/es\/wp-json\/wp\/v2\/pages"}],"about":[{"href":"https:\/\/anyuefurniture.com\/es\/wp-json\/wp\/v2\/types\/page"}],"author":[{"embeddable":true,"href":"https:\/\/anyuefurniture.com\/es\/wp-json\/wp\/v2\/users\/1"}],"replies":[{"embeddable":true,"href":"https:\/\/anyuefurniture.com\/es\/wp-json\/wp\/v2\/comments?post=27708"}],"version-history":[{"count":13,"href":"https:\/\/anyuefurniture.com\/es\/wp-json\/wp\/v2\/pages\/27708\/revisions"}],"predecessor-version":[{"id":28947,"href":"https:\/\/anyuefurniture.com\/es\/wp-json\/wp\/v2\/pages\/27708\/revisions\/28947"}],"wp:attachment":[{"href":"https:\/\/anyuefurniture.com\/es\/wp-json\/wp\/v2\/media?parent=27708"}],"curies":[{"name":"wp","href":"https:\/\/api.w.org\/{rel}","templated":true}]}}